{"id":232,"date":"2024-05-05T20:04:25","date_gmt":"2024-05-05T18:04:25","guid":{"rendered":"https:\/\/tantra-tsadde.com\/?page_id=232"},"modified":"2025-03-25T14:56:56","modified_gmt":"2025-03-25T13:56:56","slug":"je-suis","status":"publish","type":"page","link":"https:\/\/tantra-tsadde.com\/index.php\/je-suis\/","title":{"rendered":"Qui suis-je ?"},"content":{"rendered":"\t\t<div data-elementor-type=\"wp-page\" data-elementor-id=\"232\" class=\"elementor elementor-232\">\n\t\t\t\t<div class=\"elementor-element elementor-element-b55502e e-grid e-con-full e-con e-parent\" data-id=\"b55502e\" data-element_type=\"container\">\n\t\t\t\t<div class=\"elementor-element elementor-element-47b7285 elementor-widget elementor-widget-image\" data-id=\"47b7285\" data-element_type=\"widget\" data-widget_type=\"image.default\">\n\t\t\t\t<div class=\"elementor-widget-container\">\n\t\t\t\t\t\t\t\t\t\t\t\t\t\t\t<img fetchpriority=\"high\" decoding=\"async\" width=\"1024\" height=\"1024\" src=\"https:\/\/tantra-tsadde.com\/wp-content\/uploads\/2024\/12\/ma-1024x1024.jpg\" class=\"attachment-large size-large wp-image-1009\" alt=\"\" srcset=\"https:\/\/tantra-tsadde.com\/wp-content\/uploads\/2024\/12\/ma-1024x1024.jpg 1024w, https:\/\/tantra-tsadde.com\/wp-content\/uploads\/2024\/12\/ma-300x300.jpg 300w, https:\/\/tantra-tsadde.com\/wp-content\/uploads\/2024\/12\/ma-150x150.jpg 150w, https:\/\/tantra-tsadde.com\/wp-content\/uploads\/2024\/12\/ma-768x768.jpg 768w, https:\/\/tantra-tsadde.com\/wp-content\/uploads\/2024\/12\/ma-1170x1170.jpg 1170w, https:\/\/tantra-tsadde.com\/wp-content\/uploads\/2024\/12\/ma.jpg 1440w\" sizes=\"(max-width: 1024px) 100vw, 1024px\" \/>\t\t\t\t\t\t\t\t\t\t\t\t\t\t\t<\/div>\n\t\t\t\t<\/div>\n\t\t\t\t<div class=\"elementor-element elementor-element-f611492 elementor-widget__width-auto elementor-widget elementor-widget-text-editor\" data-id=\"f611492\" data-element_type=\"widget\" data-widget_type=\"text-editor.default\">\n\t\t\t\t<div class=\"elementor-widget-container\">\n\t\t\t\t\t\t\t\t\t<div style=\"text-align: justify;\"><span style=\"color: var(--wp--preset--color--text-regular); font-family: var( --e-global-typography-text-font-family ), Sans-serif; font-weight: var( --e-global-typography-text-font-weight ); text-align: var(--text-align); font-size: var(--wp--preset--font-size--base); background-color: var(--wp--preset--color--background);\">Je suis M\u00e3. Tantrik\u00e3, philosophe et t<\/span><span style=\"font-family: var( --e-global-typography-text-font-family ), Sans-serif; font-weight: var( --e-global-typography-text-font-weight ); text-align: var(--text-align); background-color: var(--wp--preset--color--background); font-size: var(--wp--preset--font-size--base);\">h\u00e9rapeute corporelle.\u00a0<\/span><span style=\"color: var(--wp--preset--color--text-regular); font-family: var( --e-global-typography-text-font-family ), Sans-serif; font-weight: var( --e-global-typography-text-font-weight ); text-align: var(--text-align); font-size: var(--wp--preset--font-size--base); background-color: var(--wp--preset--color--background);\">Initi\u00e9e au Tantra traditionnel chez<\/span><span style=\"color: var(--wp--preset--color--text-regular); font-family: var( --e-global-typography-text-font-family ), Sans-serif; font-weight: var( --e-global-typography-text-font-weight ); text-align: var(--text-align); font-size: var(--wp--preset--font-size--base); background-color: var(--wp--preset--color--background);\">\u00a0<\/span><a style=\"font-family: var( --e-global-typography-text-font-family ), Sans-serif; font-weight: var( --e-global-typography-text-font-weight ); text-align: var(--text-align); font-size: var(--wp--preset--font-size--base); background-color: var(--wp--preset--color--background);\" href=\"https:\/\/www.tantra-source.com\/\" target=\"_blank\" rel=\"noopener\">Tantra Source<\/a><span style=\"color: var(--wp--preset--color--text-regular); font-family: var( --e-global-typography-text-font-family ), Sans-serif; font-weight: var( --e-global-typography-text-font-weight ); text-align: var(--text-align); font-size: var(--wp--preset--font-size--base); background-color: var(--wp--preset--color--background);\">\u00a0en 2022 et a<\/span><span style=\"color: var(--wp--preset--color--text-regular); font-family: var( --e-global-typography-text-font-family ), Sans-serif; font-weight: var( --e-global-typography-text-font-weight ); text-align: var(--text-align); font-size: var(--wp--preset--font-size--base); background-color: var(--wp--preset--color--background);\">u yoga par\u00a0<a href=\"http:\/\/www.sash.be\/\" target=\"_blank\" rel=\"noopener\">Sorush (Sash) Missaghi<\/a>\u00a0en 2008. F<\/span><span style=\"color: var(--wp--preset--color--text-regular); font-family: var( --e-global-typography-text-font-family ), Sans-serif; font-weight: var( --e-global-typography-text-font-weight ); text-align: var(--text-align); font-size: var(--wp--preset--font-size--base); background-color: var(--wp--preset--color--background);\">orm\u00e9e en psychologie, dont le soin par le toucher conscient, depuis plus de 15 ans.\u00a0<\/span><span style=\"color: var(--wp--preset--color--text-regular); font-family: var( --e-global-typography-text-font-family ), Sans-serif; font-weight: var( --e-global-typography-text-font-weight ); text-align: var(--text-align); background-color: var(--wp--preset--color--background); font-size: var(--wp--preset--font-size--base);\">Initi\u00e9e aux neurosciences et aux techniques de d\u00e9veloppement personnel &amp; th\u00e9rapeutique (gestion des traumas, somatoh\u00e9rapie, sexoth\u00e9rapie).<\/span><\/div>\t\t\t\t\t\t\t\t<\/div>\n\t\t\t\t<\/div>\n\t\t\t\t<div class=\"elementor-element elementor-element-5a26ff8 elementor-widget elementor-widget-image\" data-id=\"5a26ff8\" data-element_type=\"widget\" data-widget_type=\"image.default\">\n\t\t\t\t<div class=\"elementor-widget-container\">\n\t\t\t\t\t\t\t\t\t\t\t\t\t\t\t<img decoding=\"async\" width=\"465\" height=\"609\" src=\"https:\/\/tantra-tsadde.com\/wp-content\/uploads\/2024\/05\/sarasvati3-1.jpg\" class=\"attachment-large size-large wp-image-475\" alt=\"\" srcset=\"https:\/\/tantra-tsadde.com\/wp-content\/uploads\/2024\/05\/sarasvati3-1.jpg 465w, https:\/\/tantra-tsadde.com\/wp-content\/uploads\/2024\/05\/sarasvati3-1-229x300.jpg 229w\" sizes=\"(max-width: 465px) 100vw, 465px\" \/>\t\t\t\t\t\t\t\t\t\t\t\t\t\t\t<\/div>\n\t\t\t\t<\/div>\n\t\t\t\t<div class=\"elementor-element elementor-element-0f8235d elementor-widget elementor-widget-text-editor\" data-id=\"0f8235d\" data-element_type=\"widget\" data-widget_type=\"text-editor.default\">\n\t\t\t\t<div class=\"elementor-widget-container\">\n\t\t\t\t\t\t\t\t\t<div style=\"text-align: justify;\">\n<p><span style=\"font-family: var( --e-global-typography-text-font-family ), Sans-serif; font-weight: var( --e-global-typography-text-font-weight ); background-color: var(--wp--preset--color--background); font-size: var(--wp--preset--font-size--base);\">Je suis aussi joueuse de tanpura (Inde) et percussionniste. J&rsquo;explore une m\u00e9thode th\u00e9rapeutico-<\/span><span style=\"color: var(--wp--preset--color--text-regular); font-family: var( --e-global-typography-text-font-family ), Sans-serif; font-weight: var( --e-global-typography-text-font-weight ); font-size: var(--wp--preset--font-size--base); background-color: var(--wp--preset--color--background);\">vibratoire <\/span><span style=\"color: var(--wp--preset--color--text-regular); font-family: var( --e-global-typography-text-font-family ), Sans-serif; font-weight: var( --e-global-typography-text-font-weight ); font-size: var(--wp--preset--font-size--base); background-color: var(--wp--preset--color--background);\">des harmoniques.<\/span><\/p>\n<p><span style=\"font-family: var( --e-global-typography-text-font-family ), Sans-serif; font-weight: var( --e-global-typography-text-font-weight ); text-align: var(--text-align); background-color: var(--wp--preset--color--background); font-size: var(--wp--preset--font-size--base);\">Riche de ces savoirs et ancr\u00e9e dans la pure con~science\/co~naissance, mon approche est donc holistique et recouvre diverses sph\u00e8res motivationnelles \u00e0 recevoir le massage : soin du corps, bien-\u00eatre, relationnel, \u00e9motionnel, spirituel, th\u00e9rapeutique, initiation, d\u00e9couverte\u2026 .&nbsp;<\/span><\/p>\n<p><i style=\"font-family: var( --e-global-typography-text-font-family ), Sans-serif; font-weight: var( --e-global-typography-text-font-weight ); text-align: var(--text-align); background-color: var(--wp--preset--color--background); font-size: var(--wp--preset--font-size--base);\"><span style=\"font-family: var( --e-global-typography-text-font-family ), Sans-serif; font-weight: var( --e-global-typography-text-font-weight ); text-align: var(--text-align); font-size: var(--wp--preset--font-size--base); color: var(--wp--preset--color--text-regular); background-color: var(--wp--preset--color--background);\">\u00ab\u00a0Bien des Ma\u00eetres et Ma\u00eetresses croisent depuis longtemps mon chemin d&rsquo;apprentis-S<\/span><span style=\"font-family: var( --e-global-typography-text-font-family ), Sans-serif; font-weight: var( --e-global-typography-text-font-weight ); text-align: var(--text-align); font-size: var(--wp--preset--font-size--base); color: var(--wp--preset--color--text-regular); background-color: var(--wp--preset--color--background);\">age\u00a0\u00bb,&nbsp;<\/span><\/i><i style=\"font-family: var( --e-global-typography-text-font-family ), Sans-serif; font-weight: var( --e-global-typography-text-font-weight ); text-align: var(--text-align); background-color: var(--wp--preset--color--background); font-size: var(--wp--preset--font-size--base);\"><span style=\"font-family: var( --e-global-typography-text-font-family ), Sans-serif; font-weight: var( --e-global-typography-text-font-weight ); text-align: var(--text-align); font-size: var(--wp--preset--font-size--base); color: var(--wp--preset--color--text-regular); background-color: var(--wp--preset--color--background);\">M\u00e3<\/span><span style=\"font-family: var( --e-global-typography-text-font-family ), Sans-serif; font-weight: var( --e-global-typography-text-font-weight ); text-align: var(--text-align); font-size: var(--wp--preset--font-size--base); color: var(--wp--preset--color--text-regular); background-color: var(--wp--preset--color--background);\">.<\/span><\/i><\/p>\n<\/div>\t\t\t\t\t\t\t\t<\/div>\n\t\t\t\t<\/div>\n\t\t\t\t<\/div>\n\t\t\t\t<\/div>\n\t\t","protected":false},"excerpt":{"rendered":"<p>Je suis M\u00e3. Tantrik\u00e3, philosophe et th\u00e9rapeute corporelle.\u00a0Initi\u00e9e au Tantra traditionnel chez\u00a0Tantra Source\u00a0en 2022 et au yoga par\u00a0Sorush (Sash) Missaghi\u00a0en 2008. Form\u00e9e en psychologie, dont le soin par le toucher conscient, depuis plus de 15 ans.\u00a0Initi\u00e9e aux neurosciences et aux techniques de d\u00e9veloppement personnel &amp; th\u00e9rapeutique (gestion des traumas, somatoh\u00e9rapie, sexoth\u00e9rapie). Je suis aussi joueuse [&hellip;]<\/p>\n","protected":false},"author":1,"featured_media":0,"parent":0,"menu_order":0,"comment_status":"closed","ping_status":"closed","template":"","meta":{"footnotes":""},"class_list":["post-232","page","type-page","status-publish","hentry"],"yoast_head":"<!-- This site is optimized with the Yoast SEO plugin v26.3 - https:\/\/yoast.com\/wordpress\/plugins\/seo\/ -->\n<title>Qui suis-je ? - Love is a medicine<\/title>\n<meta name=\"robots\" content=\"index, follow, max-snippet:-1, max-image-preview:large, max-video-preview:-1\" \/>\n<link rel=\"canonical\" href=\"https:\/\/tantra-tsadde.com\/index.php\/je-suis\/\" \/>\n<meta property=\"og:locale\" content=\"fr_FR\" \/>\n<meta property=\"og:type\" content=\"article\" \/>\n<meta property=\"og:title\" content=\"Qui suis-je ? - Love is a medicine\" \/>\n<meta property=\"og:description\" content=\"Je suis M\u00e3. Tantrik\u00e3, philosophe et th\u00e9rapeute corporelle.\u00a0Initi\u00e9e au Tantra traditionnel chez\u00a0Tantra Source\u00a0en 2022 et au yoga par\u00a0Sorush (Sash) Missaghi\u00a0en 2008. Form\u00e9e en psychologie, dont le soin par le toucher conscient, depuis plus de 15 ans.\u00a0Initi\u00e9e aux neurosciences et aux techniques de d\u00e9veloppement personnel &amp; th\u00e9rapeutique (gestion des traumas, somatoh\u00e9rapie, sexoth\u00e9rapie). Je suis aussi joueuse [&hellip;]\" \/>\n<meta property=\"og:url\" content=\"https:\/\/tantra-tsadde.com\/index.php\/je-suis\/\" \/>\n<meta property=\"og:site_name\" content=\"Love is a medicine\" \/>\n<meta property=\"article:publisher\" content=\"https:\/\/www.facebook.com\/MaTantraTsadde\/\" \/>\n<meta property=\"article:modified_time\" content=\"2025-03-25T13:56:56+00:00\" \/>\n<meta property=\"og:image\" content=\"https:\/\/tantra-tsadde.com\/wp-content\/uploads\/2024\/12\/ma.jpg\" \/>\n\t<meta property=\"og:image:width\" content=\"1440\" \/>\n\t<meta property=\"og:image:height\" content=\"1440\" \/>\n\t<meta property=\"og:image:type\" content=\"image\/jpeg\" \/>\n<meta name=\"twitter:card\" content=\"summary_large_image\" \/>\n<meta name=\"twitter:label1\" content=\"Dur\u00e9e de lecture estim\u00e9e\" \/>\n\t<meta name=\"twitter:data1\" content=\"2 minutes\" \/>\n<script type=\"application\/ld+json\" class=\"yoast-schema-graph\">{\"@context\":\"https:\/\/schema.org\",\"@graph\":[{\"@type\":\"WebPage\",\"@id\":\"https:\/\/tantra-tsadde.com\/index.php\/je-suis\/\",\"url\":\"https:\/\/tantra-tsadde.com\/index.php\/je-suis\/\",\"name\":\"Qui suis-je ? - Love is a medicine\",\"isPartOf\":{\"@id\":\"https:\/\/tantra-tsadde.com\/#website\"},\"primaryImageOfPage\":{\"@id\":\"https:\/\/tantra-tsadde.com\/index.php\/je-suis\/#primaryimage\"},\"image\":{\"@id\":\"https:\/\/tantra-tsadde.com\/index.php\/je-suis\/#primaryimage\"},\"thumbnailUrl\":\"http:\/\/tantra-tsadde.com\/wp-content\/uploads\/2024\/12\/ma-1024x1024.jpg\",\"datePublished\":\"2024-05-05T18:04:25+00:00\",\"dateModified\":\"2025-03-25T13:56:56+00:00\",\"breadcrumb\":{\"@id\":\"https:\/\/tantra-tsadde.com\/index.php\/je-suis\/#breadcrumb\"},\"inLanguage\":\"fr-FR\",\"potentialAction\":[{\"@type\":\"ReadAction\",\"target\":[\"https:\/\/tantra-tsadde.com\/index.php\/je-suis\/\"]}]},{\"@type\":\"ImageObject\",\"inLanguage\":\"fr-FR\",\"@id\":\"https:\/\/tantra-tsadde.com\/index.php\/je-suis\/#primaryimage\",\"url\":\"http:\/\/tantra-tsadde.com\/wp-content\/uploads\/2024\/12\/ma-1024x1024.jpg\",\"contentUrl\":\"http:\/\/tantra-tsadde.com\/wp-content\/uploads\/2024\/12\/ma-1024x1024.jpg\"},{\"@type\":\"BreadcrumbList\",\"@id\":\"https:\/\/tantra-tsadde.com\/index.php\/je-suis\/#breadcrumb\",\"itemListElement\":[{\"@type\":\"ListItem\",\"position\":1,\"name\":\"Accueil\",\"item\":\"https:\/\/tantra-tsadde.com\/\"},{\"@type\":\"ListItem\",\"position\":2,\"name\":\"Qui suis-je ?\"}]},{\"@type\":\"WebSite\",\"@id\":\"https:\/\/tantra-tsadde.com\/#website\",\"url\":\"https:\/\/tantra-tsadde.com\/\",\"name\":\"Love is a medicine\",\"description\":\"Tantra Tsadd\u00e9 &amp; Healing | Massage Cachemirien traditionnel au sol.\",\"publisher\":{\"@id\":\"https:\/\/tantra-tsadde.com\/#organization\"},\"potentialAction\":[{\"@type\":\"SearchAction\",\"target\":{\"@type\":\"EntryPoint\",\"urlTemplate\":\"https:\/\/tantra-tsadde.com\/?s={search_term_string}\"},\"query-input\":{\"@type\":\"PropertyValueSpecification\",\"valueRequired\":true,\"valueName\":\"search_term_string\"}}],\"inLanguage\":\"fr-FR\"},{\"@type\":\"Organization\",\"@id\":\"https:\/\/tantra-tsadde.com\/#organization\",\"name\":\"Love is a medicine\",\"url\":\"https:\/\/tantra-tsadde.com\/\",\"logo\":{\"@type\":\"ImageObject\",\"inLanguage\":\"fr-FR\",\"@id\":\"https:\/\/tantra-tsadde.com\/#\/schema\/logo\/image\/\",\"url\":\"https:\/\/tantra-tsadde.com\/wp-content\/uploads\/2024\/05\/Tsadde.jpg\",\"contentUrl\":\"https:\/\/tantra-tsadde.com\/wp-content\/uploads\/2024\/05\/Tsadde.jpg\",\"width\":765,\"height\":762,\"caption\":\"Love is a medicine\"},\"image\":{\"@id\":\"https:\/\/tantra-tsadde.com\/#\/schema\/logo\/image\/\"},\"sameAs\":[\"https:\/\/www.facebook.com\/MaTantraTsadde\/\"]}]}<\/script>\n<!-- \/ Yoast SEO plugin. -->","yoast_head_json":{"title":"Qui suis-je ? - Love is a medicine","robots":{"index":"index","follow":"follow","max-snippet":"max-snippet:-1","max-image-preview":"max-image-preview:large","max-video-preview":"max-video-preview:-1"},"canonical":"https:\/\/tantra-tsadde.com\/index.php\/je-suis\/","og_locale":"fr_FR","og_type":"article","og_title":"Qui suis-je ? - Love is a medicine","og_description":"Je suis M\u00e3. Tantrik\u00e3, philosophe et th\u00e9rapeute corporelle.\u00a0Initi\u00e9e au Tantra traditionnel chez\u00a0Tantra Source\u00a0en 2022 et au yoga par\u00a0Sorush (Sash) Missaghi\u00a0en 2008. Form\u00e9e en psychologie, dont le soin par le toucher conscient, depuis plus de 15 ans.\u00a0Initi\u00e9e aux neurosciences et aux techniques de d\u00e9veloppement personnel &amp; th\u00e9rapeutique (gestion des traumas, somatoh\u00e9rapie, sexoth\u00e9rapie). Je suis aussi joueuse [&hellip;]","og_url":"https:\/\/tantra-tsadde.com\/index.php\/je-suis\/","og_site_name":"Love is a medicine","article_publisher":"https:\/\/www.facebook.com\/MaTantraTsadde\/","article_modified_time":"2025-03-25T13:56:56+00:00","og_image":[{"width":1440,"height":1440,"url":"https:\/\/tantra-tsadde.com\/wp-content\/uploads\/2024\/12\/ma.jpg","type":"image\/jpeg"}],"twitter_card":"summary_large_image","twitter_misc":{"Dur\u00e9e de lecture estim\u00e9e":"2 minutes"},"schema":{"@context":"https:\/\/schema.org","@graph":[{"@type":"WebPage","@id":"https:\/\/tantra-tsadde.com\/index.php\/je-suis\/","url":"https:\/\/tantra-tsadde.com\/index.php\/je-suis\/","name":"Qui suis-je ? - Love is a medicine","isPartOf":{"@id":"https:\/\/tantra-tsadde.com\/#website"},"primaryImageOfPage":{"@id":"https:\/\/tantra-tsadde.com\/index.php\/je-suis\/#primaryimage"},"image":{"@id":"https:\/\/tantra-tsadde.com\/index.php\/je-suis\/#primaryimage"},"thumbnailUrl":"http:\/\/tantra-tsadde.com\/wp-content\/uploads\/2024\/12\/ma-1024x1024.jpg","datePublished":"2024-05-05T18:04:25+00:00","dateModified":"2025-03-25T13:56:56+00:00","breadcrumb":{"@id":"https:\/\/tantra-tsadde.com\/index.php\/je-suis\/#breadcrumb"},"inLanguage":"fr-FR","potentialAction":[{"@type":"ReadAction","target":["https:\/\/tantra-tsadde.com\/index.php\/je-suis\/"]}]},{"@type":"ImageObject","inLanguage":"fr-FR","@id":"https:\/\/tantra-tsadde.com\/index.php\/je-suis\/#primaryimage","url":"http:\/\/tantra-tsadde.com\/wp-content\/uploads\/2024\/12\/ma-1024x1024.jpg","contentUrl":"http:\/\/tantra-tsadde.com\/wp-content\/uploads\/2024\/12\/ma-1024x1024.jpg"},{"@type":"BreadcrumbList","@id":"https:\/\/tantra-tsadde.com\/index.php\/je-suis\/#breadcrumb","itemListElement":[{"@type":"ListItem","position":1,"name":"Accueil","item":"https:\/\/tantra-tsadde.com\/"},{"@type":"ListItem","position":2,"name":"Qui suis-je ?"}]},{"@type":"WebSite","@id":"https:\/\/tantra-tsadde.com\/#website","url":"https:\/\/tantra-tsadde.com\/","name":"Love is a medicine","description":"Tantra Tsadd\u00e9 &amp; Healing | Massage Cachemirien traditionnel au sol.","publisher":{"@id":"https:\/\/tantra-tsadde.com\/#organization"},"potentialAction":[{"@type":"SearchAction","target":{"@type":"EntryPoint","urlTemplate":"https:\/\/tantra-tsadde.com\/?s={search_term_string}"},"query-input":{"@type":"PropertyValueSpecification","valueRequired":true,"valueName":"search_term_string"}}],"inLanguage":"fr-FR"},{"@type":"Organization","@id":"https:\/\/tantra-tsadde.com\/#organization","name":"Love is a medicine","url":"https:\/\/tantra-tsadde.com\/","logo":{"@type":"ImageObject","inLanguage":"fr-FR","@id":"https:\/\/tantra-tsadde.com\/#\/schema\/logo\/image\/","url":"https:\/\/tantra-tsadde.com\/wp-content\/uploads\/2024\/05\/Tsadde.jpg","contentUrl":"https:\/\/tantra-tsadde.com\/wp-content\/uploads\/2024\/05\/Tsadde.jpg","width":765,"height":762,"caption":"Love is a medicine"},"image":{"@id":"https:\/\/tantra-tsadde.com\/#\/schema\/logo\/image\/"},"sameAs":["https:\/\/www.facebook.com\/MaTantraTsadde\/"]}]}},"_links":{"self":[{"href":"https:\/\/tantra-tsadde.com\/index.php\/wp-json\/wp\/v2\/pages\/232","targetHints":{"allow":["GET"]}}],"collection":[{"href":"https:\/\/tantra-tsadde.com\/index.php\/wp-json\/wp\/v2\/pages"}],"about":[{"href":"https:\/\/tantra-tsadde.com\/index.php\/wp-json\/wp\/v2\/types\/page"}],"author":[{"embeddable":true,"href":"https:\/\/tantra-tsadde.com\/index.php\/wp-json\/wp\/v2\/users\/1"}],"replies":[{"embeddable":true,"href":"https:\/\/tantra-tsadde.com\/index.php\/wp-json\/wp\/v2\/comments?post=232"}],"version-history":[{"count":301,"href":"https:\/\/tantra-tsadde.com\/index.php\/wp-json\/wp\/v2\/pages\/232\/revisions"}],"predecessor-version":[{"id":1777,"href":"https:\/\/tantra-tsadde.com\/index.php\/wp-json\/wp\/v2\/pages\/232\/revisions\/1777"}],"wp:attachment":[{"href":"https:\/\/tantra-tsadde.com\/index.php\/wp-json\/wp\/v2\/media?parent=232"}],"curies":[{"name":"wp","href":"https:\/\/api.w.org\/{rel}","templated":true}]}}