{"id":227,"date":"2024-05-05T20:01:26","date_gmt":"2024-05-05T18:01:26","guid":{"rendered":"https:\/\/tantra-tsadde.com\/?page_id=227"},"modified":"2025-03-25T14:48:39","modified_gmt":"2025-03-25T13:48:39","slug":"initiation","status":"publish","type":"page","link":"https:\/\/tantra-tsadde.com\/index.php\/initiation\/","title":{"rendered":"Hommes, femmes et couples."},"content":{"rendered":"\t\t<div data-elementor-type=\"wp-page\" data-elementor-id=\"227\" class=\"elementor elementor-227\">\n\t\t\t\t<div class=\"elementor-element elementor-element-1e9a19d e-flex e-con-boxed e-con e-parent\" data-id=\"1e9a19d\" data-element_type=\"container\">\n\t\t\t\t\t<div class=\"e-con-inner\">\n\t\t<div class=\"elementor-element elementor-element-867acfe e-con-full e-flex e-con e-child\" data-id=\"867acfe\" data-element_type=\"container\">\n\t\t\t\t<div class=\"elementor-element elementor-element-ce51303 elementor-widget elementor-widget-text-editor\" data-id=\"ce51303\" data-element_type=\"widget\" data-widget_type=\"text-editor.default\">\n\t\t\t\t<div class=\"elementor-widget-container\">\n\t\t\t\t\t\t\t\t\t<p><span style=\"font-family: var( --e-global-typography-text-font-family ), Sans-serif; font-weight: var( --e-global-typography-text-font-weight ); background-color: var(--wp--preset--color--background); font-size: var(--wp--preset--font-size--base);\">Avec la m\u00eame pr\u00e9sence pour tous, j<\/span>e masse les hommes, les femmes et les couples.<\/p>\n<p><strong>De femme \u00e0 femme :<\/strong> recevoir un massage d&rsquo;une autre femme est un moment exquis et intime, invitant \u00e0 la puissance de la sororit\u00e9.&nbsp;<\/p>\n<p><strong>De femme \u00e0 homme :<\/strong> c&rsquo;est la puissance de la non dualit\u00e9 qui sont appel\u00e9s ici \u00e0 son paroxysme.<\/p>\n<p><strong>Couple :<\/strong>&nbsp;offrir \u00e0 son\/sa partenaire un massage \u00e0 4 mains et s&rsquo;initier \u00e0 la gr\u00e2ce.<\/p>\t\t\t\t\t\t\t\t<\/div>\n\t\t\t\t<\/div>\n\t\t\t\t<\/div>\n\t\t<div class=\"elementor-element elementor-element-7c547fc e-con-full e-flex e-con e-child\" data-id=\"7c547fc\" data-element_type=\"container\">\n\t\t\t\t<div class=\"elementor-element elementor-element-b69c862 elementor-widget elementor-widget-image\" data-id=\"b69c862\" data-element_type=\"widget\" data-widget_type=\"image.default\">\n\t\t\t\t<div class=\"elementor-widget-container\">\n\t\t\t\t\t\t\t\t\t\t\t\t\t\t\t<img fetchpriority=\"high\" decoding=\"async\" width=\"474\" height=\"710\" src=\"https:\/\/tantra-tsadde.com\/wp-content\/uploads\/2024\/05\/2f3f9ff4439bfbb58885b49b0654e4f5.jpg\" class=\"attachment-large size-large wp-image-368\" alt=\"\" srcset=\"https:\/\/tantra-tsadde.com\/wp-content\/uploads\/2024\/05\/2f3f9ff4439bfbb58885b49b0654e4f5.jpg 474w, https:\/\/tantra-tsadde.com\/wp-content\/uploads\/2024\/05\/2f3f9ff4439bfbb58885b49b0654e4f5-200x300.jpg 200w\" sizes=\"(max-width: 474px) 100vw, 474px\" \/>\t\t\t\t\t\t\t\t\t\t\t\t\t\t\t<\/div>\n\t\t\t\t<\/div>\n\t\t\t\t<\/div>\n\t\t\t\t\t<\/div>\n\t\t\t\t<\/div>\n\t\t\t\t<\/div>\n\t\t","protected":false},"excerpt":{"rendered":"<p>Avec la m\u00eame pr\u00e9sence pour tous, je masse les hommes, les femmes et les couples. De femme \u00e0 femme : recevoir un massage d&rsquo;une autre femme est un moment exquis et intime, invitant \u00e0 la puissance de la sororit\u00e9.&nbsp; De femme \u00e0 homme : c&rsquo;est la puissance de la non dualit\u00e9 qui sont appel\u00e9s ici [&hellip;]<\/p>\n","protected":false},"author":1,"featured_media":0,"parent":0,"menu_order":0,"comment_status":"closed","ping_status":"closed","template":"","meta":{"footnotes":""},"class_list":["post-227","page","type-page","status-publish","hentry"],"yoast_head":"<!-- This site is optimized with the Yoast SEO plugin v26.3 - https:\/\/yoast.com\/wordpress\/plugins\/seo\/ -->\n<title>Hommes, femmes et couples. - Love is a medicine<\/title>\n<meta name=\"robots\" content=\"index, follow, max-snippet:-1, max-image-preview:large, max-video-preview:-1\" \/>\n<link rel=\"canonical\" href=\"https:\/\/tantra-tsadde.com\/index.php\/initiation\/\" \/>\n<meta property=\"og:locale\" content=\"fr_FR\" \/>\n<meta property=\"og:type\" content=\"article\" \/>\n<meta property=\"og:title\" content=\"Hommes, femmes et couples. - Love is a medicine\" \/>\n<meta property=\"og:description\" content=\"Avec la m\u00eame pr\u00e9sence pour tous, je masse les hommes, les femmes et les couples. De femme \u00e0 femme : recevoir un massage d&rsquo;une autre femme est un moment exquis et intime, invitant \u00e0 la puissance de la sororit\u00e9.&nbsp; De femme \u00e0 homme : c&rsquo;est la puissance de la non dualit\u00e9 qui sont appel\u00e9s ici [&hellip;]\" \/>\n<meta property=\"og:url\" content=\"https:\/\/tantra-tsadde.com\/index.php\/initiation\/\" \/>\n<meta property=\"og:site_name\" content=\"Love is a medicine\" \/>\n<meta property=\"article:publisher\" content=\"https:\/\/www.facebook.com\/MaTantraTsadde\/\" \/>\n<meta property=\"article:modified_time\" content=\"2025-03-25T13:48:39+00:00\" \/>\n<meta property=\"og:image\" content=\"https:\/\/tantra-tsadde.com\/wp-content\/uploads\/2024\/05\/2f3f9ff4439bfbb58885b49b0654e4f5.jpg\" \/>\n\t<meta property=\"og:image:width\" content=\"474\" \/>\n\t<meta property=\"og:image:height\" content=\"710\" \/>\n\t<meta property=\"og:image:type\" content=\"image\/jpeg\" \/>\n<meta name=\"twitter:card\" content=\"summary_large_image\" \/>\n<meta name=\"twitter:label1\" content=\"Dur\u00e9e de lecture estim\u00e9e\" \/>\n\t<meta name=\"twitter:data1\" content=\"1 minute\" \/>\n<script type=\"application\/ld+json\" class=\"yoast-schema-graph\">{\"@context\":\"https:\/\/schema.org\",\"@graph\":[{\"@type\":\"WebPage\",\"@id\":\"https:\/\/tantra-tsadde.com\/index.php\/initiation\/\",\"url\":\"https:\/\/tantra-tsadde.com\/index.php\/initiation\/\",\"name\":\"Hommes, femmes et couples. - Love is a medicine\",\"isPartOf\":{\"@id\":\"https:\/\/tantra-tsadde.com\/#website\"},\"primaryImageOfPage\":{\"@id\":\"https:\/\/tantra-tsadde.com\/index.php\/initiation\/#primaryimage\"},\"image\":{\"@id\":\"https:\/\/tantra-tsadde.com\/index.php\/initiation\/#primaryimage\"},\"thumbnailUrl\":\"http:\/\/tantra-tsadde.com\/wp-content\/uploads\/2024\/05\/2f3f9ff4439bfbb58885b49b0654e4f5.jpg\",\"datePublished\":\"2024-05-05T18:01:26+00:00\",\"dateModified\":\"2025-03-25T13:48:39+00:00\",\"breadcrumb\":{\"@id\":\"https:\/\/tantra-tsadde.com\/index.php\/initiation\/#breadcrumb\"},\"inLanguage\":\"fr-FR\",\"potentialAction\":[{\"@type\":\"ReadAction\",\"target\":[\"https:\/\/tantra-tsadde.com\/index.php\/initiation\/\"]}]},{\"@type\":\"ImageObject\",\"inLanguage\":\"fr-FR\",\"@id\":\"https:\/\/tantra-tsadde.com\/index.php\/initiation\/#primaryimage\",\"url\":\"http:\/\/tantra-tsadde.com\/wp-content\/uploads\/2024\/05\/2f3f9ff4439bfbb58885b49b0654e4f5.jpg\",\"contentUrl\":\"http:\/\/tantra-tsadde.com\/wp-content\/uploads\/2024\/05\/2f3f9ff4439bfbb58885b49b0654e4f5.jpg\"},{\"@type\":\"BreadcrumbList\",\"@id\":\"https:\/\/tantra-tsadde.com\/index.php\/initiation\/#breadcrumb\",\"itemListElement\":[{\"@type\":\"ListItem\",\"position\":1,\"name\":\"Accueil\",\"item\":\"https:\/\/tantra-tsadde.com\/\"},{\"@type\":\"ListItem\",\"position\":2,\"name\":\"Hommes, femmes et couples.\"}]},{\"@type\":\"WebSite\",\"@id\":\"https:\/\/tantra-tsadde.com\/#website\",\"url\":\"https:\/\/tantra-tsadde.com\/\",\"name\":\"Love is a medicine\",\"description\":\"Tantra Tsadd\u00e9 &amp; Healing | Massage Cachemirien traditionnel au sol.\",\"publisher\":{\"@id\":\"https:\/\/tantra-tsadde.com\/#organization\"},\"potentialAction\":[{\"@type\":\"SearchAction\",\"target\":{\"@type\":\"EntryPoint\",\"urlTemplate\":\"https:\/\/tantra-tsadde.com\/?s={search_term_string}\"},\"query-input\":{\"@type\":\"PropertyValueSpecification\",\"valueRequired\":true,\"valueName\":\"search_term_string\"}}],\"inLanguage\":\"fr-FR\"},{\"@type\":\"Organization\",\"@id\":\"https:\/\/tantra-tsadde.com\/#organization\",\"name\":\"Love is a medicine\",\"url\":\"https:\/\/tantra-tsadde.com\/\",\"logo\":{\"@type\":\"ImageObject\",\"inLanguage\":\"fr-FR\",\"@id\":\"https:\/\/tantra-tsadde.com\/#\/schema\/logo\/image\/\",\"url\":\"https:\/\/tantra-tsadde.com\/wp-content\/uploads\/2024\/05\/Tsadde.jpg\",\"contentUrl\":\"https:\/\/tantra-tsadde.com\/wp-content\/uploads\/2024\/05\/Tsadde.jpg\",\"width\":765,\"height\":762,\"caption\":\"Love is a medicine\"},\"image\":{\"@id\":\"https:\/\/tantra-tsadde.com\/#\/schema\/logo\/image\/\"},\"sameAs\":[\"https:\/\/www.facebook.com\/MaTantraTsadde\/\"]}]}<\/script>\n<!-- \/ Yoast SEO plugin. -->","yoast_head_json":{"title":"Hommes, femmes et couples. - Love is a medicine","robots":{"index":"index","follow":"follow","max-snippet":"max-snippet:-1","max-image-preview":"max-image-preview:large","max-video-preview":"max-video-preview:-1"},"canonical":"https:\/\/tantra-tsadde.com\/index.php\/initiation\/","og_locale":"fr_FR","og_type":"article","og_title":"Hommes, femmes et couples. - Love is a medicine","og_description":"Avec la m\u00eame pr\u00e9sence pour tous, je masse les hommes, les femmes et les couples. De femme \u00e0 femme : recevoir un massage d&rsquo;une autre femme est un moment exquis et intime, invitant \u00e0 la puissance de la sororit\u00e9.&nbsp; De femme \u00e0 homme : c&rsquo;est la puissance de la non dualit\u00e9 qui sont appel\u00e9s ici [&hellip;]","og_url":"https:\/\/tantra-tsadde.com\/index.php\/initiation\/","og_site_name":"Love is a medicine","article_publisher":"https:\/\/www.facebook.com\/MaTantraTsadde\/","article_modified_time":"2025-03-25T13:48:39+00:00","og_image":[{"width":474,"height":710,"url":"https:\/\/tantra-tsadde.com\/wp-content\/uploads\/2024\/05\/2f3f9ff4439bfbb58885b49b0654e4f5.jpg","type":"image\/jpeg"}],"twitter_card":"summary_large_image","twitter_misc":{"Dur\u00e9e de lecture estim\u00e9e":"1 minute"},"schema":{"@context":"https:\/\/schema.org","@graph":[{"@type":"WebPage","@id":"https:\/\/tantra-tsadde.com\/index.php\/initiation\/","url":"https:\/\/tantra-tsadde.com\/index.php\/initiation\/","name":"Hommes, femmes et couples. - Love is a medicine","isPartOf":{"@id":"https:\/\/tantra-tsadde.com\/#website"},"primaryImageOfPage":{"@id":"https:\/\/tantra-tsadde.com\/index.php\/initiation\/#primaryimage"},"image":{"@id":"https:\/\/tantra-tsadde.com\/index.php\/initiation\/#primaryimage"},"thumbnailUrl":"http:\/\/tantra-tsadde.com\/wp-content\/uploads\/2024\/05\/2f3f9ff4439bfbb58885b49b0654e4f5.jpg","datePublished":"2024-05-05T18:01:26+00:00","dateModified":"2025-03-25T13:48:39+00:00","breadcrumb":{"@id":"https:\/\/tantra-tsadde.com\/index.php\/initiation\/#breadcrumb"},"inLanguage":"fr-FR","potentialAction":[{"@type":"ReadAction","target":["https:\/\/tantra-tsadde.com\/index.php\/initiation\/"]}]},{"@type":"ImageObject","inLanguage":"fr-FR","@id":"https:\/\/tantra-tsadde.com\/index.php\/initiation\/#primaryimage","url":"http:\/\/tantra-tsadde.com\/wp-content\/uploads\/2024\/05\/2f3f9ff4439bfbb58885b49b0654e4f5.jpg","contentUrl":"http:\/\/tantra-tsadde.com\/wp-content\/uploads\/2024\/05\/2f3f9ff4439bfbb58885b49b0654e4f5.jpg"},{"@type":"BreadcrumbList","@id":"https:\/\/tantra-tsadde.com\/index.php\/initiation\/#breadcrumb","itemListElement":[{"@type":"ListItem","position":1,"name":"Accueil","item":"https:\/\/tantra-tsadde.com\/"},{"@type":"ListItem","position":2,"name":"Hommes, femmes et couples."}]},{"@type":"WebSite","@id":"https:\/\/tantra-tsadde.com\/#website","url":"https:\/\/tantra-tsadde.com\/","name":"Love is a medicine","description":"Tantra Tsadd\u00e9 &amp; Healing | Massage Cachemirien traditionnel au sol.","publisher":{"@id":"https:\/\/tantra-tsadde.com\/#organization"},"potentialAction":[{"@type":"SearchAction","target":{"@type":"EntryPoint","urlTemplate":"https:\/\/tantra-tsadde.com\/?s={search_term_string}"},"query-input":{"@type":"PropertyValueSpecification","valueRequired":true,"valueName":"search_term_string"}}],"inLanguage":"fr-FR"},{"@type":"Organization","@id":"https:\/\/tantra-tsadde.com\/#organization","name":"Love is a medicine","url":"https:\/\/tantra-tsadde.com\/","logo":{"@type":"ImageObject","inLanguage":"fr-FR","@id":"https:\/\/tantra-tsadde.com\/#\/schema\/logo\/image\/","url":"https:\/\/tantra-tsadde.com\/wp-content\/uploads\/2024\/05\/Tsadde.jpg","contentUrl":"https:\/\/tantra-tsadde.com\/wp-content\/uploads\/2024\/05\/Tsadde.jpg","width":765,"height":762,"caption":"Love is a medicine"},"image":{"@id":"https:\/\/tantra-tsadde.com\/#\/schema\/logo\/image\/"},"sameAs":["https:\/\/www.facebook.com\/MaTantraTsadde\/"]}]}},"_links":{"self":[{"href":"https:\/\/tantra-tsadde.com\/index.php\/wp-json\/wp\/v2\/pages\/227","targetHints":{"allow":["GET"]}}],"collection":[{"href":"https:\/\/tantra-tsadde.com\/index.php\/wp-json\/wp\/v2\/pages"}],"about":[{"href":"https:\/\/tantra-tsadde.com\/index.php\/wp-json\/wp\/v2\/types\/page"}],"author":[{"embeddable":true,"href":"https:\/\/tantra-tsadde.com\/index.php\/wp-json\/wp\/v2\/users\/1"}],"replies":[{"embeddable":true,"href":"https:\/\/tantra-tsadde.com\/index.php\/wp-json\/wp\/v2\/comments?post=227"}],"version-history":[{"count":11,"href":"https:\/\/tantra-tsadde.com\/index.php\/wp-json\/wp\/v2\/pages\/227\/revisions"}],"predecessor-version":[{"id":1770,"href":"https:\/\/tantra-tsadde.com\/index.php\/wp-json\/wp\/v2\/pages\/227\/revisions\/1770"}],"wp:attachment":[{"href":"https:\/\/tantra-tsadde.com\/index.php\/wp-json\/wp\/v2\/media?parent=227"}],"curies":[{"name":"wp","href":"https:\/\/api.w.org\/{rel}","templated":true}]}}