{"id":225,"date":"2024-05-05T20:01:09","date_gmt":"2024-05-05T18:01:09","guid":{"rendered":"https:\/\/tantra-tsadde.com\/?page_id=225"},"modified":"2025-03-25T14:04:05","modified_gmt":"2025-03-25T13:04:05","slug":"homme","status":"publish","type":"page","link":"https:\/\/tantra-tsadde.com\/index.php\/homme\/","title":{"rendered":"Corps sacr\u00e9 &amp; nudit\u00e9."},"content":{"rendered":"\t\t<div data-elementor-type=\"wp-page\" data-elementor-id=\"225\" class=\"elementor elementor-225\">\n\t\t\t\t<div class=\"elementor-element elementor-element-d4a749b e-flex e-con-boxed e-con e-parent\" data-id=\"d4a749b\" data-element_type=\"container\">\n\t\t\t\t\t<div class=\"e-con-inner\">\n\t\t<div class=\"elementor-element elementor-element-84581cf e-con-full e-flex e-con e-child\" data-id=\"84581cf\" data-element_type=\"container\">\n\t\t\t\t<div class=\"elementor-element elementor-element-62c8e65 elementor-widget elementor-widget-text-editor\" data-id=\"62c8e65\" data-element_type=\"widget\" data-widget_type=\"text-editor.default\">\n\t\t\t\t<div class=\"elementor-widget-container\">\n\t\t\t\t\t\t\t\t\t<h4 style=\"color: #920505; text-align: center;\">Il n\u2019y a pas de p\u00e9n\u00e9tration ni de masturbation durant le massage.<\/h4><p><span style=\"font-family: var( --e-global-typography-text-font-family ), Sans-serif; font-weight: var( --e-global-typography-text-font-weight ); background-color: var(--wp--preset--color--background); font-size: var(--wp--preset--font-size--base); text-align: justify;\">Le massage est donn\u00e9 dans un\u00a0<\/span><span style=\"font-family: var( --e-global-typography-text-font-family ), Sans-serif; background-color: var(--wp--preset--color--background); font-size: var(--wp--preset--font-size--base); font-weight: bold; text-align: justify;\">espace sacr\u00e9 et confidentiel<\/span><span style=\"font-family: var( --e-global-typography-text-font-family ), Sans-serif; font-weight: var( --e-global-typography-text-font-weight ); background-color: var(--wp--preset--color--background); font-size: var(--wp--preset--font-size--base); text-align: justify;\">, o\u00f9 la stabilit\u00e9 et l\u2019ancrage du corps physique et\u00a0<\/span><span style=\"font-family: var( --e-global-typography-text-font-family ), Sans-serif; font-weight: var( --e-global-typography-text-font-weight ); text-align: var(--text-align); font-size: var(--wp--preset--font-size--base); background-color: var(--wp--preset--color--background);\">\u00e9motionnel peuvent\u00a0<\/span><span style=\"font-family: var( --e-global-typography-text-font-family ), Sans-serif; font-weight: var( --e-global-typography-text-font-weight ); text-align: var(--text-align); font-size: var(--wp--preset--font-size--base); color: var(--wp--preset--color--text-regular); background-color: var(--wp--preset--color--background);\">planter leurs racines. Un espace qui c\u00e9l\u00e8bre le bon, le\u00a0<\/span><span style=\"font-family: var( --e-global-typography-text-font-family ), Sans-serif; font-weight: var( --e-global-typography-text-font-weight ); text-align: var(--text-align); font-size: var(--wp--preset--font-size--base); background-color: var(--wp--preset--color--background);\">beau,<\/span><span style=\"font-family: var( --e-global-typography-text-font-family ), Sans-serif; font-weight: var( --e-global-typography-text-font-weight ); text-align: var(--text-align); font-size: var(--wp--preset--font-size--base); background-color: var(--wp--preset--color--background);\">\u00a0<\/span><span style=\"font-family: var( --e-global-typography-text-font-family ), Sans-serif; font-weight: var( --e-global-typography-text-font-weight ); text-align: var(--text-align); font-size: var(--wp--preset--font-size--base); color: var(--wp--preset--color--text-regular); background-color: var(--wp--preset--color--background);\">le partage, la richesse et la gr\u00e2ce.\u00a0<\/span><\/p>\t\t\t\t\t\t\t\t<\/div>\n\t\t\t\t<\/div>\n\t\t\t\t<\/div>\n\t\t<div class=\"elementor-element elementor-element-c2de0d5 e-con-full e-flex e-con e-child\" data-id=\"c2de0d5\" data-element_type=\"container\">\n\t\t\t\t<div class=\"elementor-element elementor-element-24ea19e elementor-widget elementor-widget-image\" data-id=\"24ea19e\" data-element_type=\"widget\" data-widget_type=\"image.default\">\n\t\t\t\t<div class=\"elementor-widget-container\">\n\t\t\t\t\t\t\t\t\t\t\t\t\t\t\t<img fetchpriority=\"high\" decoding=\"async\" width=\"400\" height=\"400\" src=\"https:\/\/tantra-tsadde.com\/wp-content\/uploads\/2024\/05\/f1c08b90d1b287f6a3a5e94e0307ca05.jpg\" class=\"attachment-large size-large wp-image-28\" alt=\"\" srcset=\"https:\/\/tantra-tsadde.com\/wp-content\/uploads\/2024\/05\/f1c08b90d1b287f6a3a5e94e0307ca05.jpg 400w, https:\/\/tantra-tsadde.com\/wp-content\/uploads\/2024\/05\/f1c08b90d1b287f6a3a5e94e0307ca05-300x300.jpg 300w, https:\/\/tantra-tsadde.com\/wp-content\/uploads\/2024\/05\/f1c08b90d1b287f6a3a5e94e0307ca05-150x150.jpg 150w\" sizes=\"(max-width: 400px) 100vw, 400px\" \/>\t\t\t\t\t\t\t\t\t\t\t\t\t\t\t<\/div>\n\t\t\t\t<\/div>\n\t\t\t\t<\/div>\n\t\t<div class=\"elementor-element elementor-element-0bc4a09 e-con-full e-flex e-con e-child\" data-id=\"0bc4a09\" data-element_type=\"container\">\n\t\t\t\t<div class=\"elementor-element elementor-element-7570031 elementor-widget elementor-widget-image\" data-id=\"7570031\" data-element_type=\"widget\" data-widget_type=\"image.default\">\n\t\t\t\t<div class=\"elementor-widget-container\">\n\t\t\t\t\t\t\t\t\t\t\t\t\t\t\t<img decoding=\"async\" width=\"563\" height=\"686\" src=\"https:\/\/tantra-tsadde.com\/wp-content\/uploads\/2024\/05\/3c22bdde4b01ad1fae68ef9051da0b11-1.jpg\" class=\"attachment-large size-large wp-image-369\" alt=\"\" srcset=\"https:\/\/tantra-tsadde.com\/wp-content\/uploads\/2024\/05\/3c22bdde4b01ad1fae68ef9051da0b11-1.jpg 563w, https:\/\/tantra-tsadde.com\/wp-content\/uploads\/2024\/05\/3c22bdde4b01ad1fae68ef9051da0b11-1-246x300.jpg 246w\" sizes=\"(max-width: 563px) 100vw, 563px\" \/>\t\t\t\t\t\t\t\t\t\t\t\t\t\t\t<\/div>\n\t\t\t\t<\/div>\n\t\t\t\t<\/div>\n\t\t<div class=\"elementor-element elementor-element-dc32b42 e-con-full e-flex e-con e-child\" data-id=\"dc32b42\" data-element_type=\"container\">\n\t\t\t\t<div class=\"elementor-element elementor-element-d805ec6 elementor-widget elementor-widget-text-editor\" data-id=\"d805ec6\" data-element_type=\"widget\" data-widget_type=\"text-editor.default\">\n\t\t\t\t<div class=\"elementor-widget-container\">\n\t\t\t\t\t\t\t\t\t<p><span style=\"text-align: start;\">Afin que puisse s\u2019ouvrir devant moi la\u00a0<\/span>carte du Monde de votre Corps<span style=\"text-align: start;\">\u00a0et que se conjugue la gr\u00e2ce du dialogue intuitif et subtil de votre temple sacr\u00e9,<\/span><span style=\"font-family: var( --e-global-typography-text-font-family ), Sans-serif; font-size: var(--wp--preset--font-size--base); font-weight: var( --e-global-typography-text-font-weight ); text-align: start; background-color: var(--wp--preset--color--background);\">\u00a0l&rsquo;objectif premier est de vous <strong>mettre en confiance et en s\u00e9curit\u00e9<\/strong>.<\/span><span style=\"font-family: var( --e-global-typography-text-font-family ), Sans-serif; font-size: var(--wp--preset--font-size--base); font-weight: var( --e-global-typography-text-font-weight ); text-align: start; background-color: var(--wp--preset--color--background);\">\u00a0<\/span><\/p><p><span style=\"font-family: var( --e-global-typography-text-font-family ), Sans-serif; font-size: var(--wp--preset--font-size--base); font-weight: var( --e-global-typography-text-font-weight ); text-align: start; background-color: var(--wp--preset--color--background);\">Pour cette raison, et car le Tantra Cachemirien se veut non dualiste, <strong>la nudit\u00e9 <\/strong><\/span><span style=\"color: var(--wp--preset--color--text-regular); font-family: var( --e-global-typography-text-font-family ), Sans-serif; font-weight: var( --e-global-typography-text-font-weight ); text-align: var(--text-align); background-color: var(--wp--preset--color--background); font-size: var(--wp--preset--font-size--base);\">&#8211; absolue, partielle, \u00e9volutive &#8211; de m\u00eame que<strong> les zones du corps <\/strong>o\u00f9 le toucher est autoris\u00e9,\u00a0<\/span><span style=\"color: var(--wp--preset--color--text-regular); font-family: var( --e-global-typography-text-font-family ), Sans-serif; font-weight: var( --e-global-typography-text-font-weight ); text-align: var(--text-align); font-size: var(--wp--preset--font-size--base); background-color: var(--wp--preset--color--background);\">sont abord\u00e9s avant chaque rencontre et sont\u00a0<\/span><strong><span style=\"color: var(--wp--preset--color--text-regular); font-family: var( --e-global-typography-text-font-family ), Sans-serif; text-align: var(--text-align); font-size: var(--wp--preset--font-size--base); background-color: var(--wp--preset--color--background);\">personnels \u00e0 chacun.\u00a0<\/span><\/strong><\/p>\t\t\t\t\t\t\t\t<\/div>\n\t\t\t\t<\/div>\n\t\t\t\t<\/div>\n\t\t\t\t\t<\/div>\n\t\t\t\t<\/div>\n\t\t\t\t<\/div>\n\t\t","protected":false},"excerpt":{"rendered":"<p>Il n\u2019y a pas de p\u00e9n\u00e9tration ni de masturbation durant le massage. Le massage est donn\u00e9 dans un\u00a0espace sacr\u00e9 et confidentiel, o\u00f9 la stabilit\u00e9 et l\u2019ancrage du corps physique et\u00a0\u00e9motionnel peuvent\u00a0planter leurs racines. Un espace qui c\u00e9l\u00e8bre le bon, le\u00a0beau,\u00a0le partage, la richesse et la gr\u00e2ce.\u00a0 Afin que puisse s\u2019ouvrir devant moi la\u00a0carte du Monde [&hellip;]<\/p>\n","protected":false},"author":1,"featured_media":0,"parent":0,"menu_order":0,"comment_status":"closed","ping_status":"closed","template":"","meta":{"footnotes":""},"class_list":["post-225","page","type-page","status-publish","hentry"],"yoast_head":"<!-- This site is optimized with the Yoast SEO plugin v26.3 - https:\/\/yoast.com\/wordpress\/plugins\/seo\/ -->\n<title>Corps sacr\u00e9 &amp; nudit\u00e9. - Love is a medicine<\/title>\n<meta name=\"robots\" content=\"index, follow, max-snippet:-1, max-image-preview:large, max-video-preview:-1\" \/>\n<link rel=\"canonical\" href=\"https:\/\/tantra-tsadde.com\/index.php\/homme\/\" \/>\n<meta property=\"og:locale\" content=\"fr_FR\" \/>\n<meta property=\"og:type\" content=\"article\" \/>\n<meta property=\"og:title\" content=\"Corps sacr\u00e9 &amp; nudit\u00e9. - Love is a medicine\" \/>\n<meta property=\"og:description\" content=\"Il n\u2019y a pas de p\u00e9n\u00e9tration ni de masturbation durant le massage. Le massage est donn\u00e9 dans un\u00a0espace sacr\u00e9 et confidentiel, o\u00f9 la stabilit\u00e9 et l\u2019ancrage du corps physique et\u00a0\u00e9motionnel peuvent\u00a0planter leurs racines. Un espace qui c\u00e9l\u00e8bre le bon, le\u00a0beau,\u00a0le partage, la richesse et la gr\u00e2ce.\u00a0 Afin que puisse s\u2019ouvrir devant moi la\u00a0carte du Monde [&hellip;]\" \/>\n<meta property=\"og:url\" content=\"https:\/\/tantra-tsadde.com\/index.php\/homme\/\" \/>\n<meta property=\"og:site_name\" content=\"Love is a medicine\" \/>\n<meta property=\"article:publisher\" content=\"https:\/\/www.facebook.com\/MaTantraTsadde\/\" \/>\n<meta property=\"article:modified_time\" content=\"2025-03-25T13:04:05+00:00\" \/>\n<meta property=\"og:image\" content=\"https:\/\/tantra-tsadde.com\/wp-content\/uploads\/2024\/05\/f1c08b90d1b287f6a3a5e94e0307ca05.jpg\" \/>\n\t<meta property=\"og:image:width\" content=\"400\" \/>\n\t<meta property=\"og:image:height\" content=\"400\" \/>\n\t<meta property=\"og:image:type\" content=\"image\/jpeg\" \/>\n<meta name=\"twitter:card\" content=\"summary_large_image\" \/>\n<meta name=\"twitter:label1\" content=\"Dur\u00e9e de lecture estim\u00e9e\" \/>\n\t<meta name=\"twitter:data1\" content=\"2 minutes\" \/>\n<script type=\"application\/ld+json\" class=\"yoast-schema-graph\">{\"@context\":\"https:\/\/schema.org\",\"@graph\":[{\"@type\":\"WebPage\",\"@id\":\"https:\/\/tantra-tsadde.com\/index.php\/homme\/\",\"url\":\"https:\/\/tantra-tsadde.com\/index.php\/homme\/\",\"name\":\"Corps sacr\u00e9 &amp; nudit\u00e9. - Love is a medicine\",\"isPartOf\":{\"@id\":\"https:\/\/tantra-tsadde.com\/#website\"},\"primaryImageOfPage\":{\"@id\":\"https:\/\/tantra-tsadde.com\/index.php\/homme\/#primaryimage\"},\"image\":{\"@id\":\"https:\/\/tantra-tsadde.com\/index.php\/homme\/#primaryimage\"},\"thumbnailUrl\":\"http:\/\/tantra-tsadde.com\/wp-content\/uploads\/2024\/05\/f1c08b90d1b287f6a3a5e94e0307ca05.jpg\",\"datePublished\":\"2024-05-05T18:01:09+00:00\",\"dateModified\":\"2025-03-25T13:04:05+00:00\",\"breadcrumb\":{\"@id\":\"https:\/\/tantra-tsadde.com\/index.php\/homme\/#breadcrumb\"},\"inLanguage\":\"fr-FR\",\"potentialAction\":[{\"@type\":\"ReadAction\",\"target\":[\"https:\/\/tantra-tsadde.com\/index.php\/homme\/\"]}]},{\"@type\":\"ImageObject\",\"inLanguage\":\"fr-FR\",\"@id\":\"https:\/\/tantra-tsadde.com\/index.php\/homme\/#primaryimage\",\"url\":\"https:\/\/tantra-tsadde.com\/wp-content\/uploads\/2024\/05\/f1c08b90d1b287f6a3a5e94e0307ca05.jpg\",\"contentUrl\":\"https:\/\/tantra-tsadde.com\/wp-content\/uploads\/2024\/05\/f1c08b90d1b287f6a3a5e94e0307ca05.jpg\",\"width\":400,\"height\":400},{\"@type\":\"BreadcrumbList\",\"@id\":\"https:\/\/tantra-tsadde.com\/index.php\/homme\/#breadcrumb\",\"itemListElement\":[{\"@type\":\"ListItem\",\"position\":1,\"name\":\"Accueil\",\"item\":\"https:\/\/tantra-tsadde.com\/\"},{\"@type\":\"ListItem\",\"position\":2,\"name\":\"Corps sacr\u00e9 &amp; nudit\u00e9.\"}]},{\"@type\":\"WebSite\",\"@id\":\"https:\/\/tantra-tsadde.com\/#website\",\"url\":\"https:\/\/tantra-tsadde.com\/\",\"name\":\"Love is a medicine\",\"description\":\"Tantra Tsadd\u00e9 &amp; Healing | Massage Cachemirien traditionnel au sol.\",\"publisher\":{\"@id\":\"https:\/\/tantra-tsadde.com\/#organization\"},\"potentialAction\":[{\"@type\":\"SearchAction\",\"target\":{\"@type\":\"EntryPoint\",\"urlTemplate\":\"https:\/\/tantra-tsadde.com\/?s={search_term_string}\"},\"query-input\":{\"@type\":\"PropertyValueSpecification\",\"valueRequired\":true,\"valueName\":\"search_term_string\"}}],\"inLanguage\":\"fr-FR\"},{\"@type\":\"Organization\",\"@id\":\"https:\/\/tantra-tsadde.com\/#organization\",\"name\":\"Love is a medicine\",\"url\":\"https:\/\/tantra-tsadde.com\/\",\"logo\":{\"@type\":\"ImageObject\",\"inLanguage\":\"fr-FR\",\"@id\":\"https:\/\/tantra-tsadde.com\/#\/schema\/logo\/image\/\",\"url\":\"https:\/\/tantra-tsadde.com\/wp-content\/uploads\/2024\/05\/Tsadde.jpg\",\"contentUrl\":\"https:\/\/tantra-tsadde.com\/wp-content\/uploads\/2024\/05\/Tsadde.jpg\",\"width\":765,\"height\":762,\"caption\":\"Love is a medicine\"},\"image\":{\"@id\":\"https:\/\/tantra-tsadde.com\/#\/schema\/logo\/image\/\"},\"sameAs\":[\"https:\/\/www.facebook.com\/MaTantraTsadde\/\"]}]}<\/script>\n<!-- \/ Yoast SEO plugin. -->","yoast_head_json":{"title":"Corps sacr\u00e9 &amp; nudit\u00e9. - Love is a medicine","robots":{"index":"index","follow":"follow","max-snippet":"max-snippet:-1","max-image-preview":"max-image-preview:large","max-video-preview":"max-video-preview:-1"},"canonical":"https:\/\/tantra-tsadde.com\/index.php\/homme\/","og_locale":"fr_FR","og_type":"article","og_title":"Corps sacr\u00e9 &amp; nudit\u00e9. - Love is a medicine","og_description":"Il n\u2019y a pas de p\u00e9n\u00e9tration ni de masturbation durant le massage. Le massage est donn\u00e9 dans un\u00a0espace sacr\u00e9 et confidentiel, o\u00f9 la stabilit\u00e9 et l\u2019ancrage du corps physique et\u00a0\u00e9motionnel peuvent\u00a0planter leurs racines. Un espace qui c\u00e9l\u00e8bre le bon, le\u00a0beau,\u00a0le partage, la richesse et la gr\u00e2ce.\u00a0 Afin que puisse s\u2019ouvrir devant moi la\u00a0carte du Monde [&hellip;]","og_url":"https:\/\/tantra-tsadde.com\/index.php\/homme\/","og_site_name":"Love is a medicine","article_publisher":"https:\/\/www.facebook.com\/MaTantraTsadde\/","article_modified_time":"2025-03-25T13:04:05+00:00","og_image":[{"width":400,"height":400,"url":"https:\/\/tantra-tsadde.com\/wp-content\/uploads\/2024\/05\/f1c08b90d1b287f6a3a5e94e0307ca05.jpg","type":"image\/jpeg"}],"twitter_card":"summary_large_image","twitter_misc":{"Dur\u00e9e de lecture estim\u00e9e":"2 minutes"},"schema":{"@context":"https:\/\/schema.org","@graph":[{"@type":"WebPage","@id":"https:\/\/tantra-tsadde.com\/index.php\/homme\/","url":"https:\/\/tantra-tsadde.com\/index.php\/homme\/","name":"Corps sacr\u00e9 &amp; nudit\u00e9. - Love is a medicine","isPartOf":{"@id":"https:\/\/tantra-tsadde.com\/#website"},"primaryImageOfPage":{"@id":"https:\/\/tantra-tsadde.com\/index.php\/homme\/#primaryimage"},"image":{"@id":"https:\/\/tantra-tsadde.com\/index.php\/homme\/#primaryimage"},"thumbnailUrl":"http:\/\/tantra-tsadde.com\/wp-content\/uploads\/2024\/05\/f1c08b90d1b287f6a3a5e94e0307ca05.jpg","datePublished":"2024-05-05T18:01:09+00:00","dateModified":"2025-03-25T13:04:05+00:00","breadcrumb":{"@id":"https:\/\/tantra-tsadde.com\/index.php\/homme\/#breadcrumb"},"inLanguage":"fr-FR","potentialAction":[{"@type":"ReadAction","target":["https:\/\/tantra-tsadde.com\/index.php\/homme\/"]}]},{"@type":"ImageObject","inLanguage":"fr-FR","@id":"https:\/\/tantra-tsadde.com\/index.php\/homme\/#primaryimage","url":"https:\/\/tantra-tsadde.com\/wp-content\/uploads\/2024\/05\/f1c08b90d1b287f6a3a5e94e0307ca05.jpg","contentUrl":"https:\/\/tantra-tsadde.com\/wp-content\/uploads\/2024\/05\/f1c08b90d1b287f6a3a5e94e0307ca05.jpg","width":400,"height":400},{"@type":"BreadcrumbList","@id":"https:\/\/tantra-tsadde.com\/index.php\/homme\/#breadcrumb","itemListElement":[{"@type":"ListItem","position":1,"name":"Accueil","item":"https:\/\/tantra-tsadde.com\/"},{"@type":"ListItem","position":2,"name":"Corps sacr\u00e9 &amp; nudit\u00e9."}]},{"@type":"WebSite","@id":"https:\/\/tantra-tsadde.com\/#website","url":"https:\/\/tantra-tsadde.com\/","name":"Love is a medicine","description":"Tantra Tsadd\u00e9 &amp; Healing | Massage Cachemirien traditionnel au sol.","publisher":{"@id":"https:\/\/tantra-tsadde.com\/#organization"},"potentialAction":[{"@type":"SearchAction","target":{"@type":"EntryPoint","urlTemplate":"https:\/\/tantra-tsadde.com\/?s={search_term_string}"},"query-input":{"@type":"PropertyValueSpecification","valueRequired":true,"valueName":"search_term_string"}}],"inLanguage":"fr-FR"},{"@type":"Organization","@id":"https:\/\/tantra-tsadde.com\/#organization","name":"Love is a medicine","url":"https:\/\/tantra-tsadde.com\/","logo":{"@type":"ImageObject","inLanguage":"fr-FR","@id":"https:\/\/tantra-tsadde.com\/#\/schema\/logo\/image\/","url":"https:\/\/tantra-tsadde.com\/wp-content\/uploads\/2024\/05\/Tsadde.jpg","contentUrl":"https:\/\/tantra-tsadde.com\/wp-content\/uploads\/2024\/05\/Tsadde.jpg","width":765,"height":762,"caption":"Love is a medicine"},"image":{"@id":"https:\/\/tantra-tsadde.com\/#\/schema\/logo\/image\/"},"sameAs":["https:\/\/www.facebook.com\/MaTantraTsadde\/"]}]}},"_links":{"self":[{"href":"https:\/\/tantra-tsadde.com\/index.php\/wp-json\/wp\/v2\/pages\/225","targetHints":{"allow":["GET"]}}],"collection":[{"href":"https:\/\/tantra-tsadde.com\/index.php\/wp-json\/wp\/v2\/pages"}],"about":[{"href":"https:\/\/tantra-tsadde.com\/index.php\/wp-json\/wp\/v2\/types\/page"}],"author":[{"embeddable":true,"href":"https:\/\/tantra-tsadde.com\/index.php\/wp-json\/wp\/v2\/users\/1"}],"replies":[{"embeddable":true,"href":"https:\/\/tantra-tsadde.com\/index.php\/wp-json\/wp\/v2\/comments?post=225"}],"version-history":[{"count":30,"href":"https:\/\/tantra-tsadde.com\/index.php\/wp-json\/wp\/v2\/pages\/225\/revisions"}],"predecessor-version":[{"id":1753,"href":"https:\/\/tantra-tsadde.com\/index.php\/wp-json\/wp\/v2\/pages\/225\/revisions\/1753"}],"wp:attachment":[{"href":"https:\/\/tantra-tsadde.com\/index.php\/wp-json\/wp\/v2\/media?parent=225"}],"curies":[{"name":"wp","href":"https:\/\/api.w.org\/{rel}","templated":true}]}}