{"id":223,"date":"2024-05-05T20:00:41","date_gmt":"2024-05-05T18:00:41","guid":{"rendered":"https:\/\/tantra-tsadde.com\/?page_id=223"},"modified":"2025-03-25T14:12:17","modified_gmt":"2025-03-25T13:12:17","slug":"femme","status":"publish","type":"page","link":"https:\/\/tantra-tsadde.com\/index.php\/femme\/","title":{"rendered":"\u00c0 propos de sexualit\u00e9."},"content":{"rendered":"\t\t<div data-elementor-type=\"wp-page\" data-elementor-id=\"223\" class=\"elementor elementor-223\">\n\t\t\t\t<div class=\"elementor-element elementor-element-25f2764 e-grid e-con-boxed e-con e-parent\" data-id=\"25f2764\" data-element_type=\"container\">\n\t\t\t\t\t<div class=\"e-con-inner\">\n\t\t\t\t<div class=\"elementor-element elementor-element-d34f212 elementor-widget elementor-widget-text-editor\" data-id=\"d34f212\" data-element_type=\"widget\" data-widget_type=\"text-editor.default\">\n\t\t\t\t<div class=\"elementor-widget-container\">\n\t\t\t\t\t\t\t\t\t<h4 style=\"color: #920505; text-align: center;\">Il n\u2019y a pas de p\u00e9n\u00e9tration ni de masturbation durant le massage.<\/h4><p><i style=\"text-align: justify;\">\u00a0\u00bb [\u2026] <\/i><span style=\"color: var(--wp--preset--color--text-regular); font-family: var( --e-global-typography-text-font-family ), Sans-serif; font-size: var(--wp--preset--font-size--base); font-weight: var( --e-global-typography-text-font-weight ); text-align: var(--text-align); background-color: var(--wp--preset--color--background);\"><i>Le Tantra traditionnel n\u2019invite pas n\u00e9cessairement \u00e0 des relations instables. <strong>La pratique a besoin de stabilit\u00e9<\/strong>. Et les rituels quotidiens invitent aussi \u00e0 la stabilit\u00e9.\u00a0<\/i><\/span><i style=\"font-family: var( --e-global-typography-text-font-family ), Sans-serif; font-weight: var( --e-global-typography-text-font-weight ); text-align: var(--text-align); background-color: var(--wp--preset--color--background); font-size: var(--wp--preset--font-size--base);\">Le Tantra est donc compatible avec une vision traditionnelle de la soci\u00e9t\u00e9, fond\u00e9e sur la <strong>structure<\/strong>. Le Tantra n\u2019est pas une sorte de folie \u00e0 la mode qui vise \u00e0 \u00ab d\u00e9construire \u00bb le lien social et l\u2019identit\u00e9, mais une mani\u00e8re de vivre, m\u00eame si elle peut comporter une part de transgression.\u00a0<\/i><\/p>\t\t\t\t\t\t\t\t<\/div>\n\t\t\t\t<\/div>\n\t\t\t\t<div class=\"elementor-element elementor-element-e7b8262 elementor-widget elementor-widget-image\" data-id=\"e7b8262\" data-element_type=\"widget\" data-widget_type=\"image.default\">\n\t\t\t\t<div class=\"elementor-widget-container\">\n\t\t\t\t\t\t\t\t\t\t\t\t\t\t\t<img fetchpriority=\"high\" decoding=\"async\" width=\"559\" height=\"698\" src=\"https:\/\/tantra-tsadde.com\/wp-content\/uploads\/2024\/05\/be7586d309d844f878ba987170cbf545.jpg\" class=\"attachment-large size-large wp-image-29\" alt=\"\" srcset=\"https:\/\/tantra-tsadde.com\/wp-content\/uploads\/2024\/05\/be7586d309d844f878ba987170cbf545.jpg 559w, https:\/\/tantra-tsadde.com\/wp-content\/uploads\/2024\/05\/be7586d309d844f878ba987170cbf545-240x300.jpg 240w\" sizes=\"(max-width: 559px) 100vw, 559px\" \/>\t\t\t\t\t\t\t\t\t\t\t\t\t\t\t<\/div>\n\t\t\t\t<\/div>\n\t\t\t\t<div class=\"elementor-element elementor-element-677052f elementor-widget elementor-widget-image\" data-id=\"677052f\" data-element_type=\"widget\" data-widget_type=\"image.default\">\n\t\t\t\t<div class=\"elementor-widget-container\">\n\t\t\t\t\t\t\t\t\t\t\t\t\t\t\t<img decoding=\"async\" width=\"355\" height=\"479\" src=\"https:\/\/tantra-tsadde.com\/wp-content\/uploads\/2024\/05\/669636eb0e7b536d04b01ec13608e6eb-1.jpg\" class=\"attachment-large size-large wp-image-46\" alt=\"\" srcset=\"https:\/\/tantra-tsadde.com\/wp-content\/uploads\/2024\/05\/669636eb0e7b536d04b01ec13608e6eb-1.jpg 355w, https:\/\/tantra-tsadde.com\/wp-content\/uploads\/2024\/05\/669636eb0e7b536d04b01ec13608e6eb-1-222x300.jpg 222w\" sizes=\"(max-width: 355px) 100vw, 355px\" \/>\t\t\t\t\t\t\t\t\t\t\t\t\t\t\t<\/div>\n\t\t\t\t<\/div>\n\t\t\t\t<div class=\"elementor-element elementor-element-c546611 elementor-widget elementor-widget-text-editor\" data-id=\"c546611\" data-element_type=\"widget\" data-widget_type=\"text-editor.default\">\n\t\t\t\t<div class=\"elementor-widget-container\">\n\t\t\t\t\t\t\t\t\t<p><i>Par exemple, la tradition Kaula, celle qui met le plus l\u2019accent sur l\u2019aspect sexuel, se pratique en couple. Et la tradition mentionne, non pas des ma\u00eetres ou des ma\u00eetresses c\u00e9libataires, mais bien des couples. Il est m\u00eame dit que, pour pratiquer, il faut \u00eatre en couple. Et, si un yogi ou une yogin\u00ee veut changer de partenaire, il doit r\u00e9citer le Mantra, de mani\u00e8re \u00e0 <strong>ne pas encourager les abus<\/strong> <i style=\"text-align: justify;\">[\u2026] .<\/i>\u00a0\u00bb <\/i><\/p><p><span style=\"background-color: var(--wp--preset--color--background); color: black; font-family: 'Adobe Devanagari'; font-size: 12pt; text-align: justify; font-weight: var( --e-global-typography-text-font-weight );\"><a href=\"https:\/\/david-dubois.com\/fr\/home\/\">David DUBOIS<\/a>, p<\/span><span style=\"color: black; font-family: 'Adobe Devanagari'; font-size: 12pt; text-align: justify; font-weight: var( --e-global-typography-text-font-weight );\">hilosophe\u00a0<\/span><span style=\"font-weight: var( --e-global-typography-text-font-weight ); text-align: justify; background-color: var(--wp--preset--color--background); font-size: 12pt; font-family: 'Adobe Devanagari'; color: black;\"><span style=\"font-weight: var( --e-global-typography-text-font-weight );\">&amp; traducteur du sanskrit. I<\/span><span style=\"font-weight: var( --e-global-typography-text-font-weight );\">niti\u00e9 aux traditions\u00a0<\/span><\/span><span style=\"font-weight: var( --e-global-typography-text-font-weight ); text-align: justify; background-color: var(--wp--preset--color--background); font-size: 12pt; font-family: 'Adobe Devanagari'; color: black;\">Sm\u00e2rta<\/span><span style=\"font-weight: var( --e-global-typography-text-font-weight ); text-align: justify; background-color: var(--wp--preset--color--background); font-size: 12pt; font-family: 'Adobe Devanagari'; color: black;\">,\u00a0<\/span><span style=\"font-weight: var( --e-global-typography-text-font-weight ); text-align: justify; background-color: var(--wp--preset--color--background); font-size: 12pt; font-family: 'Adobe Devanagari'; color: black;\">V\u00eerashaiva<\/span><span style=\"font-weight: var( --e-global-typography-text-font-weight ); text-align: justify; background-color: var(--wp--preset--color--background); font-size: 12pt; font-family: 'Adobe Devanagari'; color: black;\">\u00a0et\u00a0<\/span><span style=\"font-weight: var( --e-global-typography-text-font-weight ); text-align: justify; background-color: var(--wp--preset--color--background); font-size: 12pt; font-family: 'Adobe Devanagari'; color: black;\">Shr\u00eevidy\u00e2 en Inde o\u00f9 il v\u00e9cut.<\/span><\/p>\t\t\t\t\t\t\t\t<\/div>\n\t\t\t\t<\/div>\n\t\t\t\t\t<\/div>\n\t\t\t\t<\/div>\n\t\t\t\t<\/div>\n\t\t","protected":false},"excerpt":{"rendered":"<p>Il n\u2019y a pas de p\u00e9n\u00e9tration ni de masturbation durant le massage. \u00a0\u00bb [\u2026] Le Tantra traditionnel n\u2019invite pas n\u00e9cessairement \u00e0 des relations instables. La pratique a besoin de stabilit\u00e9. Et les rituels quotidiens invitent aussi \u00e0 la stabilit\u00e9.\u00a0Le Tantra est donc compatible avec une vision traditionnelle de la soci\u00e9t\u00e9, fond\u00e9e sur la structure. Le [&hellip;]<\/p>\n","protected":false},"author":1,"featured_media":0,"parent":0,"menu_order":0,"comment_status":"closed","ping_status":"closed","template":"","meta":{"footnotes":""},"class_list":["post-223","page","type-page","status-publish","hentry"],"yoast_head":"<!-- This site is optimized with the Yoast SEO plugin v26.3 - https:\/\/yoast.com\/wordpress\/plugins\/seo\/ -->\n<title>\u00c0 propos de sexualit\u00e9. - Love is a medicine<\/title>\n<meta name=\"robots\" content=\"index, follow, max-snippet:-1, max-image-preview:large, max-video-preview:-1\" \/>\n<link rel=\"canonical\" href=\"https:\/\/tantra-tsadde.com\/index.php\/femme\/\" \/>\n<meta property=\"og:locale\" content=\"fr_FR\" \/>\n<meta property=\"og:type\" content=\"article\" \/>\n<meta property=\"og:title\" content=\"\u00c0 propos de sexualit\u00e9. - Love is a medicine\" \/>\n<meta property=\"og:description\" content=\"Il n\u2019y a pas de p\u00e9n\u00e9tration ni de masturbation durant le massage. \u00a0\u00bb [\u2026] Le Tantra traditionnel n\u2019invite pas n\u00e9cessairement \u00e0 des relations instables. La pratique a besoin de stabilit\u00e9. Et les rituels quotidiens invitent aussi \u00e0 la stabilit\u00e9.\u00a0Le Tantra est donc compatible avec une vision traditionnelle de la soci\u00e9t\u00e9, fond\u00e9e sur la structure. Le [&hellip;]\" \/>\n<meta property=\"og:url\" content=\"https:\/\/tantra-tsadde.com\/index.php\/femme\/\" \/>\n<meta property=\"og:site_name\" content=\"Love is a medicine\" \/>\n<meta property=\"article:publisher\" content=\"https:\/\/www.facebook.com\/MaTantraTsadde\/\" \/>\n<meta property=\"article:modified_time\" content=\"2025-03-25T13:12:17+00:00\" \/>\n<meta property=\"og:image\" content=\"https:\/\/tantra-tsadde.com\/wp-content\/uploads\/2024\/05\/be7586d309d844f878ba987170cbf545.jpg\" \/>\n\t<meta property=\"og:image:width\" content=\"559\" \/>\n\t<meta property=\"og:image:height\" content=\"698\" \/>\n\t<meta property=\"og:image:type\" content=\"image\/jpeg\" \/>\n<meta name=\"twitter:card\" content=\"summary_large_image\" \/>\n<meta name=\"twitter:label1\" content=\"Dur\u00e9e de lecture estim\u00e9e\" \/>\n\t<meta name=\"twitter:data1\" content=\"2 minutes\" \/>\n<script type=\"application\/ld+json\" class=\"yoast-schema-graph\">{\"@context\":\"https:\/\/schema.org\",\"@graph\":[{\"@type\":\"WebPage\",\"@id\":\"https:\/\/tantra-tsadde.com\/index.php\/femme\/\",\"url\":\"https:\/\/tantra-tsadde.com\/index.php\/femme\/\",\"name\":\"\u00c0 propos de sexualit\u00e9. - Love is a medicine\",\"isPartOf\":{\"@id\":\"https:\/\/tantra-tsadde.com\/#website\"},\"primaryImageOfPage\":{\"@id\":\"https:\/\/tantra-tsadde.com\/index.php\/femme\/#primaryimage\"},\"image\":{\"@id\":\"https:\/\/tantra-tsadde.com\/index.php\/femme\/#primaryimage\"},\"thumbnailUrl\":\"http:\/\/tantra-tsadde.com\/wp-content\/uploads\/2024\/05\/be7586d309d844f878ba987170cbf545.jpg\",\"datePublished\":\"2024-05-05T18:00:41+00:00\",\"dateModified\":\"2025-03-25T13:12:17+00:00\",\"breadcrumb\":{\"@id\":\"https:\/\/tantra-tsadde.com\/index.php\/femme\/#breadcrumb\"},\"inLanguage\":\"fr-FR\",\"potentialAction\":[{\"@type\":\"ReadAction\",\"target\":[\"https:\/\/tantra-tsadde.com\/index.php\/femme\/\"]}]},{\"@type\":\"ImageObject\",\"inLanguage\":\"fr-FR\",\"@id\":\"https:\/\/tantra-tsadde.com\/index.php\/femme\/#primaryimage\",\"url\":\"http:\/\/tantra-tsadde.com\/wp-content\/uploads\/2024\/05\/be7586d309d844f878ba987170cbf545.jpg\",\"contentUrl\":\"http:\/\/tantra-tsadde.com\/wp-content\/uploads\/2024\/05\/be7586d309d844f878ba987170cbf545.jpg\"},{\"@type\":\"BreadcrumbList\",\"@id\":\"https:\/\/tantra-tsadde.com\/index.php\/femme\/#breadcrumb\",\"itemListElement\":[{\"@type\":\"ListItem\",\"position\":1,\"name\":\"Accueil\",\"item\":\"https:\/\/tantra-tsadde.com\/\"},{\"@type\":\"ListItem\",\"position\":2,\"name\":\"\u00c0 propos de sexualit\u00e9.\"}]},{\"@type\":\"WebSite\",\"@id\":\"https:\/\/tantra-tsadde.com\/#website\",\"url\":\"https:\/\/tantra-tsadde.com\/\",\"name\":\"Love is a medicine\",\"description\":\"Tantra Tsadd\u00e9 &amp; Healing | Massage Cachemirien traditionnel au sol.\",\"publisher\":{\"@id\":\"https:\/\/tantra-tsadde.com\/#organization\"},\"potentialAction\":[{\"@type\":\"SearchAction\",\"target\":{\"@type\":\"EntryPoint\",\"urlTemplate\":\"https:\/\/tantra-tsadde.com\/?s={search_term_string}\"},\"query-input\":{\"@type\":\"PropertyValueSpecification\",\"valueRequired\":true,\"valueName\":\"search_term_string\"}}],\"inLanguage\":\"fr-FR\"},{\"@type\":\"Organization\",\"@id\":\"https:\/\/tantra-tsadde.com\/#organization\",\"name\":\"Love is a medicine\",\"url\":\"https:\/\/tantra-tsadde.com\/\",\"logo\":{\"@type\":\"ImageObject\",\"inLanguage\":\"fr-FR\",\"@id\":\"https:\/\/tantra-tsadde.com\/#\/schema\/logo\/image\/\",\"url\":\"https:\/\/tantra-tsadde.com\/wp-content\/uploads\/2024\/05\/Tsadde.jpg\",\"contentUrl\":\"https:\/\/tantra-tsadde.com\/wp-content\/uploads\/2024\/05\/Tsadde.jpg\",\"width\":765,\"height\":762,\"caption\":\"Love is a medicine\"},\"image\":{\"@id\":\"https:\/\/tantra-tsadde.com\/#\/schema\/logo\/image\/\"},\"sameAs\":[\"https:\/\/www.facebook.com\/MaTantraTsadde\/\"]}]}<\/script>\n<!-- \/ Yoast SEO plugin. -->","yoast_head_json":{"title":"\u00c0 propos de sexualit\u00e9. - Love is a medicine","robots":{"index":"index","follow":"follow","max-snippet":"max-snippet:-1","max-image-preview":"max-image-preview:large","max-video-preview":"max-video-preview:-1"},"canonical":"https:\/\/tantra-tsadde.com\/index.php\/femme\/","og_locale":"fr_FR","og_type":"article","og_title":"\u00c0 propos de sexualit\u00e9. - Love is a medicine","og_description":"Il n\u2019y a pas de p\u00e9n\u00e9tration ni de masturbation durant le massage. \u00a0\u00bb [\u2026] Le Tantra traditionnel n\u2019invite pas n\u00e9cessairement \u00e0 des relations instables. La pratique a besoin de stabilit\u00e9. Et les rituels quotidiens invitent aussi \u00e0 la stabilit\u00e9.\u00a0Le Tantra est donc compatible avec une vision traditionnelle de la soci\u00e9t\u00e9, fond\u00e9e sur la structure. Le [&hellip;]","og_url":"https:\/\/tantra-tsadde.com\/index.php\/femme\/","og_site_name":"Love is a medicine","article_publisher":"https:\/\/www.facebook.com\/MaTantraTsadde\/","article_modified_time":"2025-03-25T13:12:17+00:00","og_image":[{"width":559,"height":698,"url":"https:\/\/tantra-tsadde.com\/wp-content\/uploads\/2024\/05\/be7586d309d844f878ba987170cbf545.jpg","type":"image\/jpeg"}],"twitter_card":"summary_large_image","twitter_misc":{"Dur\u00e9e de lecture estim\u00e9e":"2 minutes"},"schema":{"@context":"https:\/\/schema.org","@graph":[{"@type":"WebPage","@id":"https:\/\/tantra-tsadde.com\/index.php\/femme\/","url":"https:\/\/tantra-tsadde.com\/index.php\/femme\/","name":"\u00c0 propos de sexualit\u00e9. - Love is a medicine","isPartOf":{"@id":"https:\/\/tantra-tsadde.com\/#website"},"primaryImageOfPage":{"@id":"https:\/\/tantra-tsadde.com\/index.php\/femme\/#primaryimage"},"image":{"@id":"https:\/\/tantra-tsadde.com\/index.php\/femme\/#primaryimage"},"thumbnailUrl":"http:\/\/tantra-tsadde.com\/wp-content\/uploads\/2024\/05\/be7586d309d844f878ba987170cbf545.jpg","datePublished":"2024-05-05T18:00:41+00:00","dateModified":"2025-03-25T13:12:17+00:00","breadcrumb":{"@id":"https:\/\/tantra-tsadde.com\/index.php\/femme\/#breadcrumb"},"inLanguage":"fr-FR","potentialAction":[{"@type":"ReadAction","target":["https:\/\/tantra-tsadde.com\/index.php\/femme\/"]}]},{"@type":"ImageObject","inLanguage":"fr-FR","@id":"https:\/\/tantra-tsadde.com\/index.php\/femme\/#primaryimage","url":"http:\/\/tantra-tsadde.com\/wp-content\/uploads\/2024\/05\/be7586d309d844f878ba987170cbf545.jpg","contentUrl":"http:\/\/tantra-tsadde.com\/wp-content\/uploads\/2024\/05\/be7586d309d844f878ba987170cbf545.jpg"},{"@type":"BreadcrumbList","@id":"https:\/\/tantra-tsadde.com\/index.php\/femme\/#breadcrumb","itemListElement":[{"@type":"ListItem","position":1,"name":"Accueil","item":"https:\/\/tantra-tsadde.com\/"},{"@type":"ListItem","position":2,"name":"\u00c0 propos de sexualit\u00e9."}]},{"@type":"WebSite","@id":"https:\/\/tantra-tsadde.com\/#website","url":"https:\/\/tantra-tsadde.com\/","name":"Love is a medicine","description":"Tantra Tsadd\u00e9 &amp; Healing | Massage Cachemirien traditionnel au sol.","publisher":{"@id":"https:\/\/tantra-tsadde.com\/#organization"},"potentialAction":[{"@type":"SearchAction","target":{"@type":"EntryPoint","urlTemplate":"https:\/\/tantra-tsadde.com\/?s={search_term_string}"},"query-input":{"@type":"PropertyValueSpecification","valueRequired":true,"valueName":"search_term_string"}}],"inLanguage":"fr-FR"},{"@type":"Organization","@id":"https:\/\/tantra-tsadde.com\/#organization","name":"Love is a medicine","url":"https:\/\/tantra-tsadde.com\/","logo":{"@type":"ImageObject","inLanguage":"fr-FR","@id":"https:\/\/tantra-tsadde.com\/#\/schema\/logo\/image\/","url":"https:\/\/tantra-tsadde.com\/wp-content\/uploads\/2024\/05\/Tsadde.jpg","contentUrl":"https:\/\/tantra-tsadde.com\/wp-content\/uploads\/2024\/05\/Tsadde.jpg","width":765,"height":762,"caption":"Love is a medicine"},"image":{"@id":"https:\/\/tantra-tsadde.com\/#\/schema\/logo\/image\/"},"sameAs":["https:\/\/www.facebook.com\/MaTantraTsadde\/"]}]}},"_links":{"self":[{"href":"https:\/\/tantra-tsadde.com\/index.php\/wp-json\/wp\/v2\/pages\/223","targetHints":{"allow":["GET"]}}],"collection":[{"href":"https:\/\/tantra-tsadde.com\/index.php\/wp-json\/wp\/v2\/pages"}],"about":[{"href":"https:\/\/tantra-tsadde.com\/index.php\/wp-json\/wp\/v2\/types\/page"}],"author":[{"embeddable":true,"href":"https:\/\/tantra-tsadde.com\/index.php\/wp-json\/wp\/v2\/users\/1"}],"replies":[{"embeddable":true,"href":"https:\/\/tantra-tsadde.com\/index.php\/wp-json\/wp\/v2\/comments?post=223"}],"version-history":[{"count":64,"href":"https:\/\/tantra-tsadde.com\/index.php\/wp-json\/wp\/v2\/pages\/223\/revisions"}],"predecessor-version":[{"id":1756,"href":"https:\/\/tantra-tsadde.com\/index.php\/wp-json\/wp\/v2\/pages\/223\/revisions\/1756"}],"wp:attachment":[{"href":"https:\/\/tantra-tsadde.com\/index.php\/wp-json\/wp\/v2\/media?parent=223"}],"curies":[{"name":"wp","href":"https:\/\/api.w.org\/{rel}","templated":true}]}}